{"id":304,"date":"2020-04-15T08:23:55","date_gmt":"2020-04-15T06:23:55","guid":{"rendered":"https:\/\/hostalestacionjaen.com\/?page_id=304"},"modified":"2020-04-15T08:25:18","modified_gmt":"2020-04-15T06:25:18","slug":"politica-de-privacidad","status":"publish","type":"page","link":"https:\/\/hostalestacionjaen.com\/en\/politica-de-privacidad\/","title":{"rendered":"Pol\u00edtica de privacidad"},"content":{"rendered":"\n<h2 class=\"wp-block-heading\">POLITICA DE PRIVACIDAD<\/h2>\n\n\n\n<p>Mediante el presente aviso, Hostal Estaci\u00f3n, en adelante \u201cel alojamiento\u201d, con domicilio en Plaza Ja\u00e9n por la Paz s\/n 23008 de Ja\u00e9n, informa a los usuarios del sitio Web de su pol\u00edtica de privacidad.<\/p>\n\n\n\n<p>La utilizaci\u00f3n del sitio Web de el alojamiento y de cualquiera de los servicios que se incorporan en \u00e9l supone la plena aceptaci\u00f3n de las condiciones que se manifiestan en la pol\u00edtica de privacidad que se expone.<\/p>\n\n\n\n<h3 class=\"wp-block-heading\">1.- RECOGIDA DE DATOS<\/h3>\n\n\n\n<p>Con arreglo a la legislaci\u00f3n vigente, se informa que los datos de car\u00e1cter personal que se solicitan en nuestros formularios se incluir\u00e1n en un fichero de datos personales cuyo responsable y titular es el alojamiento. Asimismo, al rellenar cualquiera de los formularios con los datos personales que se solicitan y aceptar su env\u00edo, se autoriza expresamente a el alojamiento a tratar o incorporar en sus ficheros automatizados los datos personales facilitados a trav\u00e9s de los referidos formularios, as\u00ed como todos los datos que se generen en relaci\u00f3n con su participaci\u00f3n o uso de los diferentes servicios que se ofrecen en este sitio Web.<\/p>\n\n\n\n<p>Salvo que expresamente se indique lo contrario en el momento de recabarlos, todos los datos personales que se recaben son de obligada aportaci\u00f3n al ser elementos indispensables para la gesti\u00f3n, mantenimiento y control de nuestra relaci\u00f3n contractual. La no facilitaci\u00f3n de aqu\u00e9llos llevar\u00e1 aparejada la imposibilidad de tramitar su solicitud o prestarle el servicio contratado. Los datos personales se recabar\u00e1n exclusivamente para las finalidades indicadas en la presente Pol\u00edtica de Privacidad.<\/p>\n\n\n\n<p>El usuario deber\u00e1 rellenar los formularios con datos verdaderos, exactos, completos y actualizados, siendo \u00e9ste el \u00fanico responsable de cualquier da\u00f1o o perjuicio, directo e indirecto, que ocasione al alojamiento o a cualquier tercero a causa de rellenar los formularios con datos falsos, inexactos, incompletos o no actualizados o con datos de terceros. Usted se compromete a comunicar cualquier modificaci\u00f3n que se produjera en los mismos de acuerdo con el procedimiento establecido en el apartado 4.<\/p>\n\n\n\n<h3 class=\"wp-block-heading\">2.- FINALIDADES DEL TRATAMIENTO<\/h3>\n\n\n\n<p>Los datos facilitados nunca ser\u00e1n usados para un fin distinto de aqu\u00e9l para el que han sido cedidos, y ser\u00e1n inmediatamente cancelados cuando dejen de ser necesarios para tal fin, excepto cuando una ley establezca otra cosa.<\/p>\n\n\n\n<p><strong>Respecto a la relaci\u00f3n contractual:<\/strong>&nbsp;Gestionar la reserva que usted realice y tramitar su solicitud de registro como cliente del alojamiento y la posterior relaci\u00f3n comercial. En aquellos casos en que sea necesario se podr\u00e1n recopilar datos adicionales como edad de los hu\u00e9spedes o datos sanitarios si fuera necesario tenerlo en cuenta para la preparaci\u00f3n de la estancia (cunas para bebes, al\u00e9rgenos alimentarios\u2026)<\/p>\n\n\n\n<p>Gestionar las obligaciones derivadas de la contrataci\u00f3n de los productos o servicios prestados por el alojamiento.<\/p>\n\n\n\n<p>Proceder al cobro de las cantidades debidas cuando se produzca la cancelaci\u00f3n de una reserva fuera de los plazos, en su caso, habilitados a tal efecto.<\/p>\n\n\n\n<p><strong>Respecto a las obligaciones legales<\/strong>&nbsp;de comunicaci\u00f3n a autoridades p\u00fablicas, reguladores u \u00f3rganos gubernamentales que por medio de una ley, normativas legales u obligaciones regulatorias, el alojamiento deba de realizar.<\/p>\n\n\n\n<p><strong>Respecto al inter\u00e9s del Alojamiento:<\/strong>&nbsp;Realizar acciones o comunicaciones comerciales y\/o publicitarias relacionadas con productos o servicios similares a los contratados con el Hotel.<\/p>\n\n\n\n<p>Realizar encuestas de satisfacci\u00f3n relacionadas con los productos y\/o servicios por Usted contratados, con la finalidad de evaluar su satisfacci\u00f3n con el mismo, a efectos de mejorar procesos y servicios del Hotel.<\/p>\n\n\n\n<h3 class=\"wp-block-heading\">3. DESTINATARIOS<\/h3>\n\n\n\n<p>Conforme a lo establecido en el punto 2, el Alojamiento podr\u00e1 comunicar sus datos personales a las siguientes entidades:<\/p>\n\n\n\n<p>Autoridades p\u00fablicas, reguladores u \u00f3rganos gubernamentales o jurisdiccionales en aquellos supuestos en que es necesario hacerlo por ley, normativa local o en el cumplimiento de obligaciones regulatorias.<\/p>\n\n\n\n<p>Terceras entidades con las que el Alojamiento tiene contratada prestaci\u00f3n de servicios, a t\u00edtulo enunciativo y no limitativo: asesoramiento jur\u00eddico y\/o contable, empresas proveedoras de servicios tecnol\u00f3gicos, empresas proveedoras de servicios inform\u00e1ticos\u2026<\/p>\n\n\n\n<h3 class=\"wp-block-heading\">4. DERECHOS DEL INTERESADO<\/h3>\n\n\n\n<p>Los consentimientos prestados en los supuestos previstos en el presente acto podr\u00e1n ser revocados por Usted en cualquier momento, a su simple solicitud. Las personas interesadas tienen derecho a:<\/p>\n\n\n\n<ul class=\"wp-block-list\"><li>Solicitar el acceso a los datos personales relativos al interesado<\/li><li>Solicitar su rectificaci\u00f3n o supresi\u00f3n<\/li><li>Solicitar la limitaci\u00f3n de su tratamiento<\/li><li>Oponerse al tratamiento<\/li><li>Solicitar la portabilidad de los datos<\/li><\/ul>\n\n\n\n<p>Para ello deber\u00e1 de dirigirse a el alojamiento trav\u00e9s del correo electr\u00f3nico reservas@hostalestacionjaen.com o por comunicaci\u00f3n escrita y firmada (adjuntando copia del DNI u otro documento identificativo equivalente) dirigida al responsable del fichero, Hostal Estaci\u00f3n Plaza Ja\u00e9n por la Paz s\/n 23008 (Jaen).<\/p>\n\n\n\n<p>Si considera que el alojamiento no ha respetado alguno de los derechos anteriormente mencionados, Usted tendr\u00e1 derecho a presentar una reclamaci\u00f3n ante la Agencia Espa\u00f1ola de Protecci\u00f3n de Datos.<\/p>\n\n\n\n<h3 class=\"wp-block-heading\">5. CONSERVACI\u00d3N<\/h3>\n\n\n\n<p>Sus datos personales ser\u00e1n conservados durante todo el tiempo que dure la relaci\u00f3n contractual entre usted y el Alojamiento y mientras puedan derivarse responsabilidades de la ejecuci\u00f3n de la relaci\u00f3n contractual, as\u00ed como para el cumplimiento de otras obligaciones legales a cargo del alojamiento.<\/p>\n\n\n\n<h3 class=\"wp-block-heading\">6. SEGURIDAD<\/h3>\n\n\n\n<p>El alojamiento ha adoptado los niveles de seguridad de protecci\u00f3n de datos personales legalmente requeridos y ha instalado los medios y medidas t\u00e9cnicas a su alcance para evitar la p\u00e9rdida, el mal uso, la alteraci\u00f3n y el acceso no autorizado a los datos personales facilitados.<\/p>\n\n\n\n<h3 class=\"wp-block-heading\">7. COOKIES<\/h3>\n\n\n\n<p>Mediante este aviso, el alojamiento comunica a los usuarios que utiliza cookies cuando el usuario navega por las distintas pantallas y paginas del Web. Las cookies utilizadas por el alojamiento son almacenadas en el disco duro del usuario pero no pueden leer los datos contenidos en \u00e9l ni leer los archivos cookie creados por otros proveedores. el alojamiento utiliza las cookies con el objeto de reconocer a los usuarios que se hayan registrado y poder ofrecerles un mejor servicio y m\u00e1s personalizado. Asimismo, son utilizadas para obtener informaci\u00f3n totalmente an\u00f3nima sobre datos de acceso (fecha, hora, minuto, frecuencia, etc.), para medir algunos par\u00e1metros de tr\u00e1fico dentro de la propia p\u00e1gina web y estimar el n\u00famero de visitas realizadas, de modo que el alojamiento pueda enfocar y ajustar los servicios ofrecidos de forma m\u00e1s efectiva. No obstante, el usuario podr\u00e1 impedir la generaci\u00f3n de cookies mediante la opci\u00f3n correspondiente que tenga su programa navegador. En este caso, la p\u00e1gina web seguir\u00e1 siendo operativa, pero sin las ventajas de la personalizaci\u00f3n.<\/p>\n\n\n\n<h3 class=\"wp-block-heading\">8. GOOGLE ANALYTICS<\/h3>\n\n\n\n<p>Nuestra p\u00e1gina web utiliza Google Analytics, un servicio anal\u00edtico de web prestado por Google, Inc., una compa\u00f1\u00eda de Delaware cuya oficina principal est\u00e1 en 1600 Amphitheatre Parkway, Mountain View (California), CA 94043, Estados Unidos (&#8220;Google&#8221;). Google Analytics utiliza &#8220;cookies&#8221;, que son archivos de texto ubicados en su ordenador, para ayudar al website a analizar el uso que hacen los usuarios del sitio web. La informaci\u00f3n que genera la cookie acerca de su uso del website (incluyendo su direcci\u00f3n IP) ser\u00e1 directamente transmitida y archivada por Google en los servidores de Estados Unidos. Google usar\u00e1 esta informaci\u00f3n por cuenta nuestra con el prop\u00f3sito de seguir la pista de su uso del website, recopilando informes de la actividad del website y prestando otros servicios relacionados con la actividad del website y el uso de Internet. Google podr\u00e1 transmitir dicha informaci\u00f3n a terceros cuando as\u00ed se lo requiera la legislaci\u00f3n, o cuando dichos terceros procesen la informaci\u00f3n por cuenta de Google. Google no asociar\u00e1 su direcci\u00f3n IP con ning\u00fan otro dato del que disponga Google. Puede Usted rechazar el tratamiento de los datos o la informaci\u00f3n rechazando el uso de cookies mediante la selecci\u00f3n de la configuraci\u00f3n apropiada de su navegador, sin embargo, debe Usted saber que si lo hace puede ser que no pueda usar la plena funcionabilidad de este website. Al utilizar este website Usted consiente el tratamiento de informaci\u00f3n acerca de Usted por Google en la forma y para los fines arriba indicados.<\/p>\n\n\n\n<h3 class=\"wp-block-heading\">9.- MODIFICACI\u00d3N DE LA PRESENTE POL\u00cdTICA DE PRIVACIDAD<\/h3>\n\n\n\n<p>El alojamiento se reserva el derecho de modificar su pol\u00edtica de protecci\u00f3n de privacidad de acuerdo con su criterio, o a causa de un cambio legislativo o jurisprudencial. Si el alojamiento introduce alguna modificaci\u00f3n, el nuevo texto ser\u00e1 publicado en esta misma p\u00e1gina, donde el usuario podr\u00e1 tener conocimiento de la pol\u00edtica de privacidad. En cualquier caso, la relaci\u00f3n con los usuarios se regir\u00e1 por las normas previstas en el momento preciso en el que se accede al sitio Web.<\/p>\n","protected":false},"excerpt":{"rendered":"<p>POLITICA DE PRIVACIDAD Mediante el presente aviso, Hostal Estaci\u00f3n, en adelante \u201cel alojamiento\u201d, con domicilio en Plaza Ja\u00e9n por la Paz s\/n 23008 de Ja\u00e9n, informa a los usuarios del sitio Web de su pol\u00edtica de privacidad. La utilizaci\u00f3n del sitio Web de el alojamiento y de cualquiera de los servicios que se incorporan en&#8230;<\/p>\n","protected":false},"author":5,"featured_media":0,"parent":0,"menu_order":0,"comment_status":"closed","ping_status":"closed","template":"","meta":{"ngg_post_thumbnail":0,"footnotes":""},"class_list":["post-304","page","type-page","status-publish","hentry"],"aioseo_notices":[],"_links":{"self":[{"href":"https:\/\/hostalestacionjaen.com\/en\/wp-json\/wp\/v2\/pages\/304","targetHints":{"allow":["GET"]}}],"collection":[{"href":"https:\/\/hostalestacionjaen.com\/en\/wp-json\/wp\/v2\/pages"}],"about":[{"href":"https:\/\/hostalestacionjaen.com\/en\/wp-json\/wp\/v2\/types\/page"}],"author":[{"embeddable":true,"href":"https:\/\/hostalestacionjaen.com\/en\/wp-json\/wp\/v2\/users\/5"}],"replies":[{"embeddable":true,"href":"https:\/\/hostalestacionjaen.com\/en\/wp-json\/wp\/v2\/comments?post=304"}],"version-history":[{"count":0,"href":"https:\/\/hostalestacionjaen.com\/en\/wp-json\/wp\/v2\/pages\/304\/revisions"}],"wp:attachment":[{"href":"https:\/\/hostalestacionjaen.com\/en\/wp-json\/wp\/v2\/media?parent=304"}],"curies":[{"name":"wp","href":"https:\/\/api.w.org\/{rel}","templated":true}]}}